{"id":385,"date":"2020-06-16T10:21:12","date_gmt":"2020-06-16T15:21:12","guid":{"rendered":"https:\/\/clarforum.wp.tulane.edu\/?page_id=385"},"modified":"2023-09-19T07:25:48","modified_gmt":"2023-09-19T11:25:48","slug":"franklin-pease-g-y-prize","status":"publish","type":"page","link":"https:\/\/clarforum.wp.tulane.edu\/es\/franklin-pease-g-y-prize\/","title":{"rendered":"Franklin Pease G.Y. Prize"},"content":{"rendered":"<p>[et_pb_section fb_built=&#8221;1&#8243; _builder_version=&#8221;4.16&#8243; global_colors_info=&#8221;{}&#8221;][et_pb_row _builder_version=&#8221;4.16&#8243; global_colors_info=&#8221;{}&#8221; custom_margin=&#8221;|auto||147px||&#8221;][et_pb_column type=&#8221;4_4&#8243; _builder_version=&#8221;4.16&#8243; global_colors_info=&#8221;{}&#8221;][et_pb_text _builder_version=&#8221;4.16&#8243; global_colors_info=&#8221;{}&#8221;]<\/p>\n<h1>Franklin Pease G.Y. Prize<\/h1>\n<p>[\/et_pb_text][et_pb_text _builder_version=&#8221;4.17.6&#8243; _module_preset=&#8221;default&#8221; global_colors_info=&#8221;{}&#8221;]<\/p>\n<p>&nbsp;<\/p>\n<p>The Franklin Pease Memorial Prize is given to the most outstanding essay published in <em>CLAR<\/em> over a period of two years. It was created in 2000 in memory of Peruvian historian Franklin Pease G. Y. (1939 &#8211; 1999) a founding member of the journal with many contributions to the field. A committee from the journal&#8217;s Advisory Board selects a winner and an honorable mention by looking at original and careful research, fresh perspectives, cross-disciplinary appeal, clarity of exposition, and new critical directions.<\/p>\n<p>&nbsp;<\/p>\n<p>The next award will be given for articles published in <em>CLAR <\/em>in 2023 and 2024.<\/p>\n<p>&nbsp;<\/p>\n<p><span><\/span><\/p>\n<div class=\"ms-editor-squiggler\" style=\"color: initial;font: initial;background: initial;background-blend-mode: initial;border: initial;border-radius: initial;border-collapse: initial;caption-side: initial;clear: initial;columns: initial;column-fill: initial;column-rule: initial;column-span: initial;cursor: initial;flex: initial;flex-flow: initial;float: initial;height: initial;letter-spacing: initial;margin: initial;max-height: initial;max-width: initial;min-height: initial;min-width: initial;overflow: initial;padding: initial;text-align: initial;text-decoration: initial;text-indent: initial;text-transform: initial;vertical-align: initial;border-spacing: initial;width: initial\"><\/div>\n<p>[\/et_pb_text][et_pb_text _builder_version=&#8221;4.17.6&#8243; _module_preset=&#8221;default&#8221; global_colors_info=&#8221;{}&#8221;]<\/p>\n<p style=\"text-align: center\"><span style=\"text-decoration: underline\">\u00a02021-2022<\/span><\/p>\n<p style=\"text-align: center\">Winner: Larissa Brewer-Garc\u00eda, \u201cThe Composite <em>pardo<\/em> of Seventeenth-century Lima: Blackness, Whiteness, and Creole Self-Fashioning in the Earliest Portraits of Mart\u00edn de Porres.\u201d<\/p>\n<p style=\"text-align: center\">(<em>CLAR<\/em> 30, no.2, pp. 272-304)<\/p>\n<p style=\"text-align: center\">\n<p style=\"text-align: center\">Honorable Mention: Andrew Konove, &#8220;In Search of a Decent Coin: The Value of Small Change in Bourbon Spanish America.&#8221;<\/p>\n<p style=\"text-align: center\">(<em>CLAR <\/em>30, no.4, pp. 589-610)<\/p>\n<p style=\"text-align: center\">\n<p style=\"text-align: center\"><span style=\"text-decoration: underline\"><\/span><\/p>\n<p style=\"text-align: center\"><span style=\"text-decoration: underline\">2019-2020<\/span><\/p>\n<p style=\"text-align: center\">Winner: Stephanie Porras, &#8220;Locating Hispano-Philippine Ivories&#8221; (<i>CLAR<\/i> 2020, Vol. 29, NO. 2, pp. 256-291)<\/p>\n<p style=\"text-align: center\">Honorable Mention: Alfonso Jes\u00fas Heredia L\u00f3pez, &#8220;Los comerciantes a Indias y la Casa de la Contrataci\u00f3n: v\u00ednculos y redes (1618-1644)&#8221; (<i>CLAR<\/i>\u00a02019, Vol. 28, NO. 4, pp 514-537)<\/p>\n<p>[\/et_pb_text][\/et_pb_column][\/et_pb_row][et_pb_row _builder_version=&#8221;4.16&#8243; _module_preset=&#8221;default&#8221; global_colors_info=&#8221;{}&#8221;][et_pb_column type=&#8221;4_4&#8243; _builder_version=&#8221;4.16&#8243; _module_preset=&#8221;default&#8221; global_colors_info=&#8221;{}&#8221;][et_pb_text _builder_version=&#8221;4.16&#8243; _module_preset=&#8221;default&#8221; global_colors_info=&#8221;{}&#8221;]<\/p>\n<p style=\"text-align: center\"><span style=\"text-decoration: underline\">2017-2018<\/span><\/p>\n<p style=\"text-align: center\">Winner:\u00a0<span style=\"font-size: 14px\">Elizabeth Boone, \u201cSeeking Indianness:\u00a0 Christoph Weiditz, the Aztecs and Feathered Amerindians\u201d (Vol. 26, No. 1).<\/span><\/p>\n<p style=\"text-align: center\">Honorable Mention:\u00a0<span style=\"font-size: 14px\">Stuart M. McManus and Dana Leibsohn, \u201cEloquence and Ethnohistory:\u00a0 Indigenous Loyalty and the Making of a Tagalog Letrado\u201d (CLAR vol. 27, no. 4, December 2018)<\/span><\/p>\n<p style=\"text-align: center\">Jorge D\u00edaz Ceballos, \u201cNew World Civitas, Contested Jurisdictions, and Inter-cultural Conversation in the Construction of the Spanish Monarchy\u201d (CLAR vol. 27, no. 1, March 2018).<\/p>\n<p>[\/et_pb_text][\/et_pb_column][\/et_pb_row][et_pb_row _builder_version=&#8221;4.16&#8243; _module_preset=&#8221;default&#8221; global_colors_info=&#8221;{}&#8221;][et_pb_column type=&#8221;4_4&#8243; _builder_version=&#8221;4.16&#8243; _module_preset=&#8221;default&#8221; global_colors_info=&#8221;{}&#8221;][et_pb_text _builder_version=&#8221;4.16&#8243; _module_preset=&#8221;default&#8221; global_colors_info=&#8221;{}&#8221;]<\/p>\n<p style=\"text-align: center\"><u>2015-2016<\/u><\/p>\n<p style=\"text-align: center\">Winner:\u00a0 Shawn Michael Austin, \u201cGuaran\u00ed Kinship and the <em>Encomienda<\/em> Community in Colonial Paraguay, Sixteenth &amp; Early Seventeenth Centuries\u201d (CLAR vol, 24, no. 4, December 2015).\u00a0<\/p>\n<p style=\"text-align: center\">Honorable mention:\u00a0 Barbara E. Mundy and Aaron M. Hyman, \u201cOut of the Shadows of Vasari:\u00a0 Towards a New Model of the \u2018Artist\u2019 in Colonial Latin America\u201d (CLAR vol. 24, no. 3, September 2015).<\/p>\n<p style=\"text-align: center\"><u>2013-2014<\/u>\u00a0<\/p>\n<p style=\"text-align: center\">Winner:\u00a0 C\u00e9cile Fremont, \u201cDancing for the King of the Congo:\u00a0 From Early-Modern Central Africa to Slavery-Era Brazil\u201d (CLAR vol. 22, no. 2, August 2013).\u00a0<\/p>\n<p style=\"text-align: center\">Honorable Mention:\u00a0 Ananda Cohen Su\u00e1rez, \u201cPainting Andean Liminalities at the Church of Andahuaylillas, Cuzco, Peru\u201d (CLAR vol. 22, no. 3, December 2013).<\/p>\n<p style=\"text-align: center\"><u>2011-2012<\/u>\u00a0<\/p>\n<p style=\"text-align: center\">Winner:\u00a0 Xabier Lamikiz, \u201cFlotistas en la Nueva Espa\u00f1a:\u00a0 diseminaci\u00f3n espacial y negocios de los intermediarios del comercio transatl\u00e1ntico\u201d (CLAR vol. 20, no. 1, April 2011).\u00a0<\/p>\n<p style=\"text-align: center\">Honorable mention:\u00a0 David T. Garrett, \u201c\u2018En lo remoto de estos reynos\u2019:\u00a0 Distance, Jurisdiction and Royal Government in Late Colonial Hapsburg Cusco\u201d (CLAR vol. 21, no. 1, April 2012).<\/p>\n<p style=\"text-align: center\"><u>2009-2010<\/u>\u00a0<\/p>\n<p style=\"text-align: center\">Winner:\u00a0 Juan Carlos Estenssoro F., \u201cAutorretrato del conquistador como vencido o la invenci\u00f3n del Per\u00fa:\u00a0 la aparici\u00f3n del inca y de sus atributos pol\u00edticos en las representaciones pl\u00e1sticas, 1526-1528\u201d (CLAR vol. 19, no. 1, April 2010).\u00a0<\/p>\n<p style=\"text-align: center\">Honorable mention:\u00a0 Gabriela Ramos, \u201cLos tejidos y la sociedad colonial andina\u201d (CLAR vol. 19, no. 1, April 2010).<\/p>\n<p style=\"text-align: center\"><u>2007-2008<\/u>\u00a0<\/p>\n<p style=\"text-align: center\">Winner:\u00a0 Susan E. Ram\u00edrez, \u201cTo Serve God and King:\u00a0 The Origins of Public Schools for Native Children in Eighteenth-Century Northern Peru\u201d (CLAR vol. 17, no. 1, June 2008).\u00a0<\/p>\n<p style=\"text-align: center\">Honorable mention:\u00a0 Jos\u00e9 R. Jouve Mart\u00edn, \u201cPublic Ceremonies and Mulatto Identity in Viceregal Lima: A Colonial Reenactment of the Fall of Troy (1631)\u201d (CLAR vol. 16, no. 2, December 2007).<\/p>\n<p style=\"text-align: center\"><u>2005-2006<\/u>\u00a0<\/p>\n<p style=\"text-align: center\">Winner:\u00a0 Daniela Bleichmar\u00a0 \u201cPainting as Exploration:\u00a0 Visualizing Nature in Eighteenth-Century Colonial Science\u201d (CLAR vol. 15, no. 1, June 2006).\u00a0<\/p>\n<p style=\"text-align: center\">Honorable Mention:\u00a0 Rosalba Piazza, \u201cLos Procesos de Yanhuitl\u00e1n:\u00a0 algunas nuevas preguntas\u201d\u00a0 (CLAR vol. 14, no. 2, December 2005).<\/p>\n<p style=\"text-align: center\"><u>2003-2004<\/u>\u00a0<\/p>\n<p style=\"text-align: center\">Winners:\u00a0 Carolyn Dean and Dana Leibsohn, \u201cHybridity and Its Discontents:\u00a0 Considering Visual Culture in Colonial Spanish America (CLAR vol. 12, no. 1, June 2003).\u00a0<\/p>\n<p style=\"text-align: center\">Honorable Mention:\u00a0 Ilona Katzew, \u201cThe Virgin of the Macana:\u00a0 Emblem of a Franciscan Predicament in New Spain\u201d (CLAR vol. 12, no. 2, December 2003).<\/p>\n<p style=\"text-align: center\"><u>2001-2002<\/u>\u00a0<\/p>\n<p style=\"text-align: center\">Winner:\u00a0 Enrique Florescano, \u201cEl canon memorioso forjado por los <em>T\u00edtulos primordiales<\/em>\u201d (CLAR vol. 11, no. 2, December 2002).\u00a0<\/p>\n<p style=\"text-align: center\">Honorable Mention: \u00a0Gonzalo Lamana, \u201cDefinir y dominar.\u00a0 Los lugares grises en el Cuzco hacia 1540\u201d (CLAR vol. 10, no. 1, June 2001).<\/p>\n<p style=\"text-align: center\"><u>2000<\/u><\/p>\n<p style=\"text-align: center\">Winners:\u00a0 Jos\u00e9 G. Cayuela Fern\u00e1ndez and Mariano Esteban de Vega, \u201cElite hispano-cubana autonomismo y desastre del 98\u201d (CLAR vol. 9, no. 1, June 2000).\u00a0<\/p>\n<p style=\"text-align: center\">Honorable Mention:\u00a0 Karen B. Graubart, \u201cIndecent Living:\u00a0 Indigenous Women and the Politics of Representation in Early Colonial Peru\u201d\u00a0 (CLAR vol. 9, no. 2, December 2000).<\/p>\n<p>[\/et_pb_text][\/et_pb_column][\/et_pb_row][\/et_pb_section]<\/p>\n","protected":false},"excerpt":{"rendered":"<p>Franklin Pease G.Y. Prize&nbsp; The Franklin Pease Memorial Prize is given to the most outstanding essay published in CLAR over a period of two years. It was created in 2000 in memory of Peruvian historian Franklin Pease G. Y. (1939 &#8211; 1999) a founding member of the journal with many contributions to the field. A [&hellip;]<\/p>\n","protected":false},"author":4,"featured_media":0,"parent":0,"menu_order":0,"comment_status":"closed","ping_status":"closed","template":"","meta":{"_et_pb_use_builder":"on","_et_pb_old_content":"","_et_gb_content_width":"","ngg_post_thumbnail":0,"footnotes":""},"class_list":["post-385","page","type-page","status-publish","hentry"],"translation":{"provider":"WPGlobus","version":"3.0.2","language":"es","enabled_languages":["en","es"],"languages":{"en":{"title":true,"content":true,"excerpt":false},"es":{"title":false,"content":false,"excerpt":false}}},"_links":{"self":[{"href":"https:\/\/clarforum.wp.tulane.edu\/es\/wp-json\/wp\/v2\/pages\/385","targetHints":{"allow":["GET"]}}],"collection":[{"href":"https:\/\/clarforum.wp.tulane.edu\/es\/wp-json\/wp\/v2\/pages"}],"about":[{"href":"https:\/\/clarforum.wp.tulane.edu\/es\/wp-json\/wp\/v2\/types\/page"}],"author":[{"embeddable":true,"href":"https:\/\/clarforum.wp.tulane.edu\/es\/wp-json\/wp\/v2\/users\/4"}],"replies":[{"embeddable":true,"href":"https:\/\/clarforum.wp.tulane.edu\/es\/wp-json\/wp\/v2\/comments?post=385"}],"version-history":[{"count":11,"href":"https:\/\/clarforum.wp.tulane.edu\/es\/wp-json\/wp\/v2\/pages\/385\/revisions"}],"predecessor-version":[{"id":663,"href":"https:\/\/clarforum.wp.tulane.edu\/es\/wp-json\/wp\/v2\/pages\/385\/revisions\/663"}],"wp:attachment":[{"href":"https:\/\/clarforum.wp.tulane.edu\/es\/wp-json\/wp\/v2\/media?parent=385"}],"curies":[{"name":"wp","href":"https:\/\/api.w.org\/{rel}","templated":true}]}}