{"id":2,"date":"2016-08-02T20:52:41","date_gmt":"2016-08-03T01:52:41","guid":{"rendered":"http:\/\/clarforum.wp.tulane.edu\/?page_id=2"},"modified":"2022-09-04T12:05:22","modified_gmt":"2022-09-04T17:05:22","slug":"home","status":"publish","type":"page","link":"https:\/\/clarforum.wp.tulane.edu\/es\/","title":{"rendered":"CLARForum"},"content":{"rendered":"<p>[et_pb_section fb_built=&#8221;1&#8243; admin_label=&#8221;section&#8221; _builder_version=&#8221;4.16&#8243; background_image=&#8221;https:\/\/clarforum.wp.tulane.edu\/wp-content\/uploads\/sites\/90\/2020\/06\/PerezHolguinPotosi-scaled-e1592156879732.jpg&#8221; global_colors_info=&#8221;{}&#8221;][et_pb_row _builder_version=&#8221;4.16&#8243; global_colors_info=&#8221;{}&#8221;][et_pb_column type=&#8221;4_4&#8243; _builder_version=&#8221;4.16&#8243; global_colors_info=&#8221;{}&#8221;][et_pb_text admin_label=&#8221;Header&#8221; _builder_version=&#8221;4.16&#8243; header_font=&#8221;|800||on|||||&#8221; header_text_align=&#8221;center&#8221; header_text_color=&#8221;#FFFFFF&#8221; header_letter_spacing=&#8221;15px&#8221; module_alignment=&#8221;center&#8221; header_font_size_tablet=&#8221;&#8221; header_font_size_phone=&#8221;25px&#8221; header_font_size_last_edited=&#8221;on|desktop&#8221; header_text_shadow_style=&#8221;preset3&#8243; header_text_shadow_color=&#8221;#000000&#8243; global_colors_info=&#8221;{}&#8221;]<\/p>\n<h1><em>Colonial Latin American Review<\/em><\/h1>\n<h1>Forum<\/h1>\n<p>[\/et_pb_text][\/et_pb_column][\/et_pb_row][\/et_pb_section][et_pb_section fb_built=&#8221;1&#8243; _builder_version=&#8221;4.16&#8243; global_colors_info=&#8221;{}&#8221;][et_pb_row column_structure=&#8221;1_3,1_3,1_3&#8243; admin_label=&#8221;row&#8221; _builder_version=&#8221;4.16&#8243; border_width_bottom=&#8221;1px&#8221; global_colors_info=&#8221;{}&#8221;][et_pb_column type=&#8221;1_3&#8243; _builder_version=&#8221;4.16&#8243; custom_padding=&#8221;|||&#8221; global_colors_info=&#8221;{}&#8221; custom_padding__hover=&#8221;|||&#8221;][et_pb_text admin_label=&#8221;Text&#8221; _builder_version=&#8221;4.16&#8243; global_colors_info=&#8221;{}&#8221;]<\/p>\n<h1 style=\"text-align: left\">Colonial Latin American Review Forum<\/h1>\n<p>&nbsp;<\/p>\n<p style=\"text-align: left\">The Colonial Latin American Review (CLAR) is an interdisciplinary journal dedicated to the study of the colonial period in Latin America. The purpose of this website is to offer resources to scholars publishing in the journal.<\/p>\n<p>[\/et_pb_text][et_pb_button button_url=&#8221;@ET-DC@eyJkeW5hbWljIjp0cnVlLCJjb250ZW50IjoicG9zdF9saW5rX3VybF9wYWdlIiwic2V0dGluZ3MiOnsicG9zdF9pZCI6IjI4NiJ9fQ==@&#8221; button_text=&#8221;Read more&#8221; button_alignment=&#8221;center&#8221; _builder_version=&#8221;4.16&#8243; _dynamic_attributes=&#8221;button_url&#8221; global_colors_info=&#8221;{}&#8221;][\/et_pb_button][\/et_pb_column][et_pb_column type=&#8221;1_3&#8243; _builder_version=&#8221;4.16&#8243; custom_padding=&#8221;|||&#8221; global_colors_info=&#8221;{}&#8221; custom_padding__hover=&#8221;|||&#8221;][et_pb_image src=&#8221;https:\/\/clarforum.wp.tulane.edu\/wp-content\/uploads\/sites\/90\/2016\/08\/ccla20.png&#8221; title_text=&#8221;ccla20&#8243; _builder_version=&#8221;4.18.0&#8243; hover_enabled=&#8221;0&#8243; global_colors_info=&#8221;{}&#8221; sticky_enabled=&#8221;0&#8243;][\/et_pb_image][\/et_pb_column][et_pb_column type=&#8221;1_3&#8243; _builder_version=&#8221;4.16&#8243; custom_padding=&#8221;|||&#8221; global_colors_info=&#8221;{}&#8221; custom_padding__hover=&#8221;|||&#8221;][et_pb_text _builder_version=&#8221;4.16&#8243; link_option_url=&#8221;https:\/\/www.tandfonline.com\/toc\/ccla20\/current&#8221; link_option_url_new_window=&#8221;on&#8221; global_colors_info=&#8221;{}&#8221;]<\/p>\n<h2>CLAR Official Publisher<\/h2>\n<p>[\/et_pb_text][et_pb_text _builder_version=&#8221;4.16&#8243; global_colors_info=&#8221;{}&#8221;]<\/p>\n<p>The journal was created in 1992, it has 4 issues per year and the\u00a0publisher is Taylor &amp; Francis.<\/p>\n<p>[\/et_pb_text][et_pb_image src=&#8221;https:\/\/clarforum.wp.tulane.edu\/wp-content\/uploads\/sites\/90\/2020\/06\/tfo_logo.png&#8221; title_text=&#8221;tfo_logo&#8221; align=&#8221;center&#8221; _builder_version=&#8221;4.16&#8243; global_colors_info=&#8221;{}&#8221;][\/et_pb_image][et_pb_button button_url=&#8221;https:\/\/www.tandfonline.com\/toc\/ccla20\/current&#8221; url_new_window=&#8221;on&#8221; button_text=&#8221;Official Link&#8221; button_alignment=&#8221;center&#8221; _builder_version=&#8221;4.16&#8243; hover_enabled=&#8221;0&#8243; global_colors_info=&#8221;{}&#8221; sticky_enabled=&#8221;0&#8243;][\/et_pb_button][\/et_pb_column][\/et_pb_row][\/et_pb_section][et_pb_section fb_built=&#8221;1&#8243; theme_builder_area=&#8221;post_content&#8221; _builder_version=&#8221;4.18.0&#8243; _module_preset=&#8221;default&#8221; hover_enabled=&#8221;0&#8243; sticky_enabled=&#8221;0&#8243;][et_pb_row _builder_version=&#8221;4.18.0&#8243; _module_preset=&#8221;default&#8221; theme_builder_area=&#8221;post_content&#8221; hover_enabled=&#8221;0&#8243; sticky_enabled=&#8221;0&#8243;][et_pb_column _builder_version=&#8221;4.18.0&#8243; _module_preset=&#8221;default&#8221; type=&#8221;4_4&#8243; theme_builder_area=&#8221;post_content&#8221;][et_pb_text _builder_version=&#8221;4.18.0&#8243; _module_preset=&#8221;default&#8221; theme_builder_area=&#8221;post_content&#8221; hover_enabled=&#8221;0&#8243; sticky_enabled=&#8221;0&#8243;]<\/p>\n<h1>Recent Articles<\/h1>\n<p>[\/et_pb_text][\/et_pb_column][\/et_pb_row][et_pb_row _builder_version=&#8221;4.18.0&#8243; _module_preset=&#8221;default&#8221; column_structure=&#8221;1_3,1_3,1_3&#8243; theme_builder_area=&#8221;post_content&#8221; hover_enabled=&#8221;0&#8243; sticky_enabled=&#8221;0&#8243;][et_pb_column _builder_version=&#8221;4.18.0&#8243; _module_preset=&#8221;default&#8221; type=&#8221;1_3&#8243; theme_builder_area=&#8221;post_content&#8221; hover_enabled=&#8221;0&#8243; sticky_enabled=&#8221;0&#8243; background_color=&#8221;#FFFFFF&#8221; box_shadow_style=&#8221;preset1&#8243; custom_padding=&#8221;10px|10px|10px|10px|true|true&#8221;][et_pb_text _builder_version=&#8221;4.18.0&#8243; _module_preset=&#8221;default&#8221; theme_builder_area=&#8221;post_content&#8221; hover_enabled=&#8221;0&#8243; sticky_enabled=&#8221;0&#8243;]<\/p>\n<h2><strong>Pasiones americanas: entramados afectivos en la literatura colonial<\/strong><\/h2>\n<p>Sarissa Carneiro\u00a0&amp;\u00a0Valeria A\u00f1\u00f3n<\/p>\n<p>[\/et_pb_text][et_pb_button button_text=&#8221;Read the Abstract&#8221; _builder_version=&#8221;4.18.0&#8243; _module_preset=&#8221;default&#8221; theme_builder_area=&#8221;post_content&#8221; button_url=&#8221;https:\/\/www.tandfonline.com\/doi\/abs\/10.1080\/10609164.2022.2069394&#8243; hover_enabled=&#8221;0&#8243; sticky_enabled=&#8221;0&#8243; button_alignment=&#8221;center&#8221;][\/et_pb_button][\/et_pb_column][et_pb_column _builder_version=&#8221;4.18.0&#8243; _module_preset=&#8221;default&#8221; type=&#8221;1_3&#8243; theme_builder_area=&#8221;post_content&#8221; box_shadow_style=&#8221;preset1&#8243; custom_padding=&#8221;10px|10px|10px|10px|true|true&#8221; hover_enabled=&#8221;0&#8243; sticky_enabled=&#8221;0&#8243;][et_pb_text _builder_version=&#8221;4.18.0&#8243; _module_preset=&#8221;default&#8221; theme_builder_area=&#8221;post_content&#8221; hover_enabled=&#8221;0&#8243; sticky_enabled=&#8221;0&#8243;]<\/p>\n<h2><strong>Pasiones b\u00e9licas: violencia y afectos en cr\u00f3nicas de la conquista de M\u00e9xico<\/strong><\/h2>\n<p>Valeria A\u00f1\u00f3n<\/p>\n<p>[\/et_pb_text][et_pb_button button_text=&#8221;Read the Abstract&#8221; _builder_version=&#8221;4.18.0&#8243; _module_preset=&#8221;default&#8221; theme_builder_area=&#8221;post_content&#8221; button_url=&#8221;https:\/\/www.tandfonline.com\/doi\/abs\/10.1080\/10609164.2022.2069395&#8243; hover_enabled=&#8221;0&#8243; sticky_enabled=&#8221;0&#8243; button_alignment=&#8221;center&#8221;][\/et_pb_button][\/et_pb_column][et_pb_column _builder_version=&#8221;4.18.0&#8243; _module_preset=&#8221;default&#8221; type=&#8221;1_3&#8243; theme_builder_area=&#8221;post_content&#8221; custom_padding=&#8221;10px|10px|10px|10px|true|true&#8221; box_shadow_style=&#8221;preset1&#8243; hover_enabled=&#8221;0&#8243; sticky_enabled=&#8221;0&#8243;][et_pb_text _builder_version=&#8221;4.18.0&#8243; _module_preset=&#8221;default&#8221; theme_builder_area=&#8221;post_content&#8221; hover_enabled=&#8221;0&#8243; sticky_enabled=&#8221;0&#8243;]<\/p>\n<h2><strong>La faz difunta: pasiones luctuosas en la \u00e9pica de Arauco<\/strong><\/h2>\n<p>Sarissa Carneiro<\/p>\n<p>[\/et_pb_text][et_pb_button button_text=&#8221;Read the Abstract&#8221; _builder_version=&#8221;4.18.0&#8243; _module_preset=&#8221;default&#8221; theme_builder_area=&#8221;post_content&#8221; button_url=&#8221;https:\/\/www.tandfonline.com\/doi\/abs\/10.1080\/10609164.2022.2069396&#8243; hover_enabled=&#8221;0&#8243; sticky_enabled=&#8221;0&#8243; button_alignment=&#8221;center&#8221;][\/et_pb_button][\/et_pb_column][\/et_pb_row][\/et_pb_section]<\/p>\n","protected":false},"excerpt":{"rendered":"<p>Colonial Latin American Review ForumColonial Latin American Review Forum &nbsp; The Colonial Latin American Review (CLAR) is an interdisciplinary journal dedicated to the study of the colonial period in Latin America. The purpose of this website is to offer resources to scholars publishing in the journal.CLAR Official PublisherThe journal was created in 1992, it has [&hellip;]<\/p>\n","protected":false},"author":1,"featured_media":0,"parent":0,"menu_order":0,"comment_status":"closed","ping_status":"closed","template":"","meta":{"_et_pb_use_builder":"on","_et_pb_old_content":"Welcome to your WordPress Site hosted on the <a href=\"http:\/\/wp.tulane.edu\" target=\"_blank\" rel=\"noopener noreferrer\">Tulane Wordpress Network<\/a>. This site is built with a basic Tulane site template which uses the Divi theme.\u00a0 Divi is a professional highly customizable theme we have licensed from Elegant Themes. For more info on the Divi theme go <a href=\"https:\/\/www.elegantthemes.com\/gallery\/divi\/\">here<\/a>.\u00a0 The Divi documentation may be found <a href=\"https:\/\/www.elegantthemes.com\/documentation\/divi\/\">here<\/a>. You may continue with this theme, customize it, or choose another theme. If you have questions about adding themes and plugins contact the Tulane helpdesk. Visit <a href=\"http:\/\/www.wordpress.org\" target=\"_blank\" rel=\"noopener noreferrer\">www.wordpress.org<\/a> for more themes and plugins. We have also licensed all the themes and plugins from the vendor\u00a0<a href=\"https:\/\/www.elegantthemes.com\/\">Elegant Themes<\/a>.","_et_gb_content_width":"","ngg_post_thumbnail":0,"footnotes":""},"class_list":["post-2","page","type-page","status-publish","hentry"],"translation":{"provider":"WPGlobus","version":"3.0.2","language":"es","enabled_languages":["en","es"],"languages":{"en":{"title":true,"content":true,"excerpt":false},"es":{"title":false,"content":false,"excerpt":false}}},"_links":{"self":[{"href":"https:\/\/clarforum.wp.tulane.edu\/es\/wp-json\/wp\/v2\/pages\/2","targetHints":{"allow":["GET"]}}],"collection":[{"href":"https:\/\/clarforum.wp.tulane.edu\/es\/wp-json\/wp\/v2\/pages"}],"about":[{"href":"https:\/\/clarforum.wp.tulane.edu\/es\/wp-json\/wp\/v2\/types\/page"}],"author":[{"embeddable":true,"href":"https:\/\/clarforum.wp.tulane.edu\/es\/wp-json\/wp\/v2\/users\/1"}],"replies":[{"embeddable":true,"href":"https:\/\/clarforum.wp.tulane.edu\/es\/wp-json\/wp\/v2\/comments?post=2"}],"version-history":[{"count":62,"href":"https:\/\/clarforum.wp.tulane.edu\/es\/wp-json\/wp\/v2\/pages\/2\/revisions"}],"predecessor-version":[{"id":645,"href":"https:\/\/clarforum.wp.tulane.edu\/es\/wp-json\/wp\/v2\/pages\/2\/revisions\/645"}],"wp:attachment":[{"href":"https:\/\/clarforum.wp.tulane.edu\/es\/wp-json\/wp\/v2\/media?parent=2"}],"curies":[{"name":"wp","href":"https:\/\/api.w.org\/{rel}","templated":true}]}}